{"id":3352,"date":"2023-04-14T17:27:34","date_gmt":"2023-04-14T17:27:34","guid":{"rendered":"https:\/\/434bdd8f8510439030.temporary.link\/\/?page_id=3352"},"modified":"2023-07-08T17:56:23","modified_gmt":"2023-07-08T17:56:23","slug":"home","status":"publish","type":"page","link":"https:\/\/afaccounting.ca\/fr\/","title":{"rendered":"Home"},"content":{"rendered":"\n<div style=\"height:1px\" aria-hidden=\"true\" class=\"wp-block-spacer minimim-minimal-top-spacer\"><\/div>\n\n\n\n<div class=\"wp-block-columns alignfull is-layout-flex wp-container-core-columns-is-layout-47c5d72a wp-block-columns-is-layout-flex\" style=\"margin-bottom:var(--wp--preset--spacing--80)\">\n<div class=\"wp-block-column is-vertically-aligned-center is-layout-flow wp-block-column-is-layout-flow\">\n<h2 class=\"wp-block-heading has-text-color\" style=\"color:#44004c\">Ma\u00eetriser les chiffres, maximiser le succ\u00e8s !<\/h2>\n\n\n\n<p>Un ensemble complet de comp\u00e9tences en mati\u00e8re de comptabilit\u00e9 et de tenue de livres<\/p>\n\n\n\n<div class=\"wp-block-buttons is-layout-flex wp-block-buttons-is-layout-flex\">\n<div class=\"wp-block-button\"><a class=\"wp-block-button__link has-background wp-element-button\" href=\"https:\/\/afaccounting.ca\/fr\/nous-joindre\/\" style=\"background-color:#44004c\">Prendre contact<\/a><\/div>\n<\/div>\n<\/div>\n\n\n\n<div class=\"wp-block-column is-vertically-aligned-center is-layout-flow wp-block-column-is-layout-flow\" style=\"padding-top:var(--wp--preset--spacing--70);flex-basis:55%\">\n<figure class=\"wp-block-image alignright size-large\"><img loading=\"lazy\" decoding=\"async\" width=\"1024\" height=\"693\" src=\"https:\/\/afaccounting.ca\/fr\/wp-content\/uploads\/2023\/07\/accounting-illustration-6-1024x693.png\" alt=\"\" class=\"wp-image-3376\" srcset=\"https:\/\/afaccounting.ca\/fr\/wp-content\/uploads\/2023\/07\/accounting-illustration-6-1024x693.png 1024w, https:\/\/afaccounting.ca\/fr\/wp-content\/uploads\/2023\/07\/accounting-illustration-6-300x203.png 300w, https:\/\/afaccounting.ca\/fr\/wp-content\/uploads\/2023\/07\/accounting-illustration-6-768x520.png 768w, https:\/\/afaccounting.ca\/fr\/wp-content\/uploads\/2023\/07\/accounting-illustration-6-1536x1040.png 1536w, https:\/\/afaccounting.ca\/fr\/wp-content\/uploads\/2023\/07\/accounting-illustration-6-2048x1386.png 2048w\" sizes=\"auto, (max-width: 1024px) 100vw, 1024px\" \/><\/figure>\n<\/div>\n<\/div>\n\n\n\n<hr class=\"wp-block-separator alignfull has-text-color has-alpha-channel-opacity has-background is-style-wide\" style=\"margin-top:var(--wp--preset--spacing--70);margin-bottom:var(--wp--preset--spacing--70);background-color:#ededed;color:#ededed\"\/>\n\n\n\n<div class=\"wp-block-columns alignfull is-layout-flex wp-container-core-columns-is-layout-28f84493 wp-block-columns-is-layout-flex\">\n<div class=\"wp-block-column is-layout-flow wp-block-column-is-layout-flow\">\n<h2 class=\"wp-block-heading has-text-color has-large-font-size\" style=\"color:#44004c\">NOS SERVICES<\/h2>\n\n\n\n<p class=\"has-foregroundmuted-color has-text-color has-medium-font-size\">AF Accounting est un cabinet comptable qui offre des services de comptabilit\u00e9 complets aux professionnels et aux PME (petites et moyennes entreprises). Nous croyons que l\u2019engagement de notre \u00e9quipe et notre approche personnalis\u00e9e vont permettre de dynamiser la croissance financi\u00e8re de tous nos clients.<\/p>\n<\/div>\n\n\n\n<div class=\"wp-block-column is-vertically-aligned-center is-layout-flow wp-block-column-is-layout-flow\">\n<figure class=\"wp-block-image aligncenter size-full is-resized\"><img decoding=\"async\" src=\"https:\/\/afaccounting.ca\/fr\/wp-content\/uploads\/2023\/07\/xero-gold-partner-logo-RGB-500.png\" alt=\"\" class=\"wp-image-3378\" width=\"350\" srcset=\"https:\/\/afaccounting.ca\/fr\/wp-content\/uploads\/2023\/07\/xero-gold-partner-logo-RGB-500.png 500w, https:\/\/afaccounting.ca\/fr\/wp-content\/uploads\/2023\/07\/xero-gold-partner-logo-RGB-500-300x147.png 300w\" sizes=\"(max-width: 500px) 100vw, 500px\" \/><\/figure>\n<\/div>\n<\/div>\n\n\n\n<hr class=\"wp-block-separator alignfull has-text-color has-alpha-channel-opacity has-background is-style-wide\" style=\"margin-top:var(--wp--preset--spacing--70);margin-bottom:var(--wp--preset--spacing--70);background-color:#ededed;color:#ededed\"\/>\n\n\n\n<div class=\"wp-block-columns alignfull is-layout-flex wp-container-core-columns-is-layout-d4835f51 wp-block-columns-is-layout-flex\" style=\"margin-top:var(--wp--preset--spacing--80)\">\n<div class=\"wp-block-column is-layout-flow wp-block-column-is-layout-flow\">\n<h3 class=\"wp-block-heading has-text-color has-medium-font-size\" style=\"color:#44004c\">CONSEILS FISCAUX ET PLANIFICATION FISCALE<\/h3>\n\n\n\n<p class=\"has-small-font-size\">\u00c0 l\u2019aide de partenariat strat\u00e9gique avec des avocats fiscalistes, notre \u00e9quipe s\u2019engage \u00e0 vous (ou votre entreprise) aider \u00e0 compl\u00e9ter le processus d\u2019optimisation et de planification fiscale. Notre travail va de la simple optimisation de votre REER \u00e0 la cr\u00e9ation d&rsquo;une fiducie, de soci\u00e9t\u00e9 de portefeuille (HOLDCO) ou de soci\u00e9t\u00e9 d&rsquo;exploitation (OPCO). Nous vous fournirons la direction et les conseils n\u00e9cessaires pour vous aider \u00e0 minimiser votre taux d\u2019imposition. Nous avons l&rsquo;exp\u00e9rience et les outils n\u00e9cessaires pour trouver la meilleure solution pour vous, votre famille et votre entreprise.<\/p>\n<\/div>\n\n\n\n<div class=\"wp-block-column is-layout-flow wp-block-column-is-layout-flow\">\n<h3 class=\"wp-block-heading has-text-color has-medium-font-size\" style=\"color:#44004c\">GESTION ET COMPTABILIT\u00c9 DE FIN D&rsquo;ANN\u00c9E<\/h3>\n\n\n\n<p class=\"has-small-font-size\">Nous produisons des documents comptables rigoureux et pr\u00e9cis qui viendront solidifier votre s\u00e9curit\u00e9 financi\u00e8re. La compilation de vos \u00e9tats financiers (avis au lecteur) sera enti\u00e8rement conforme aux normes canadiennes du CPA.<\/p>\n\n\n\n<ul class=\"has-small-font-size wp-block-list\">\n<li>Pr\u00e9paration de la d\u00e9claration de revenus corporatif T2<\/li>\n\n\n\n<li>Comptabilit\u00e9 mensuelle et trimestrielle<\/li>\n\n\n\n<li>Pr\u00e9paration des \u00e9tats financiers<\/li>\n\n\n\n<li>Pr\u00e9paration des d\u00e9clarations de taxes de vente (TPS, TVQ, TVP et TVH)<\/li>\n<\/ul>\n<\/div>\n\n\n\n<div class=\"wp-block-column is-layout-flow wp-block-column-is-layout-flow\">\n<h3 class=\"wp-block-heading has-text-color has-medium-font-size\" style=\"color:#44004c\">COMPTABILIT\u00c9 INFONUAGIQUE (CLOUD)<\/h3>\n\n\n\n<p class=\"has-small-font-size\">Nous sommes experts du logiciel infonuagique <strong>XERO<\/strong> &#8211; notre logiciel principal de comptabilit\u00e9. Sur demande, il est possible pour nous de vous aider \u00e0 convertir votre syst\u00e8me comptable actuel vers <strong>XERO<\/strong>. Nous vous fournirons le soutien n\u00e9cessaire pour vous permettre de ma\u00eetriser ce logiciel accessible et facile d\u2019utilisation.<\/p>\n<\/div>\n<\/div>\n\n\n\n<div class=\"wp-block-columns alignfull is-layout-flex wp-container-core-columns-is-layout-05f072df wp-block-columns-is-layout-flex\" style=\"margin-top:var(--wp--preset--spacing--80);margin-bottom:var(--wp--preset--spacing--80)\">\n<div class=\"wp-block-column is-layout-flow wp-block-column-is-layout-flow\">\n<h3 class=\"wp-block-heading has-text-color has-medium-font-size\" style=\"color:#44004c\">DIRECTEUR FINANCIER VIRTUEL<\/h3>\n\n\n\n<p class=\"has-small-font-size\">Plus votre entreprise grandit, plus l&rsquo;acquisition d&rsquo;un directeur financier devient critique. AF Accounting peut vous servir de directeur financier virtuel. Expertise, esprit analytique et perspicacit\u00e9 sont les atouts que nous avons pour vous aider \u00e0 prendre en main vos finances. En nous utilisant comme directeur financier virtuel, vous b\u00e9n\u00e9ficiez d&rsquo;un soutien financier ex\u00e9cutif qui est un \u00e9l\u00e9ment cl\u00e9 pour la r\u00e9ussite de votre entreprise.<\/p>\n<\/div>\n\n\n\n<div class=\"wp-block-column is-layout-flow wp-block-column-is-layout-flow\">\n<h3 class=\"wp-block-heading has-text-color has-medium-font-size\" style=\"color:#44004c\">TENUE DE LIVRES<\/h3>\n\n\n\n<p class=\"has-small-font-size\">Nous prenons en charge de votre comptabilit\u00e9 mensuelle et nous nous assurons que votre comptabilit\u00e9 soit toujours compl\u00e9t\u00e9e dans les d\u00e9lais prescrits<\/p>\n\n\n\n<ul class=\"has-small-font-size wp-block-list\">\n<li>Mettre en place un processus de tenue livre adapt\u00e9 \u00e0 votre entreprise<\/li>\n\n\n\n<li>Relier Xero \u00e0 tous vos comptes professionnels<\/li>\n\n\n\n<li>Entrepriseses Hubdoc: utiliser le stockage infonuagique pour assurer la confidentialit\u00e9 de vos dossiers<\/li>\n<\/ul>\n<\/div>\n\n\n\n<div class=\"wp-block-column is-layout-flow wp-block-column-is-layout-flow\">\n<h3 class=\"wp-block-heading has-text-color has-medium-font-size\" style=\"color:#44004c\">AUTRES SERVICES<\/h3>\n\n\n\n<p class=\"has-small-font-size\">AF Accounting offre une gamme compl\u00e8te de services pour optimiser les op\u00e9rations de votre entreprise. Cela inclut:<\/p>\n\n\n\n<ul class=\"has-small-font-size wp-block-list\">\n<li>Flux de tr\u00e9sorerie<\/li>\n\n\n\n<li>Planification financi\u00e8re et budg\u00e9taire<\/li>\n\n\n\n<li>Pr\u00e9vision budg\u00e9taire<\/li>\n\n\n\n<li>D\u00e9claration d\u2019imp\u00f4ts des particuliers pour les clients commerciaux<\/li>\n\n\n\n<li>Strat\u00e9gies de planification fiscale<\/li>\n<\/ul>\n<\/div>\n<\/div>\n\n\n\n<div class=\"wp-block-buttons is-content-justification-center is-layout-flex wp-container-core-buttons-is-layout-9033c490 wp-block-buttons-is-layout-flex\" style=\"margin-top:var(--wp--preset--spacing--80);margin-bottom:var(--wp--preset--spacing--80)\">\n<div class=\"wp-block-button\"><a class=\"wp-block-button__link has-background wp-element-button\" href=\"https:\/\/afaccounting.ca\/fr\/nous-joindre\/\" style=\"background-color:#44004c\">Contactez-nous<\/a><\/div>\n<\/div>\n\n\n\n<div class=\"wp-block-group alignfull has-quaternary-background-color has-text-color has-background is-vertical is-content-justification-center is-layout-flex wp-container-core-group-is-layout-b9ca213b wp-block-group-is-layout-flex\" style=\"color:#44004c;padding-top:var(--wp--preset--spacing--80);padding-bottom:var(--wp--preset--spacing--80)\">\n<h4 class=\"wp-block-heading has-text-align-center has-small-font-size\" style=\"text-transform:uppercase\">CE QUE NOTRE CLIENT\u00c8LE PENSE DE NOUS<\/h4>\n\n\n\n<p class=\"has-text-align-center has-x-large-font-size\">Je n&rsquo;aurais pas pu demander de meilleurs services de comptabilit\u00e9 et de tenue de livres que ceux que m&rsquo;a fournis AF Accounting. L&rsquo;utilisation de la comptabilit\u00e9 cloud est parfaite pour la structure de mon entreprise.<\/p>\n\n\n\n<p class=\"has-foregroundmuted-color has-text-color has-link-color has-small-font-size wp-elements-f2d5379e3c7da719eb39321733be4457\">~ Felix Bosch &#8211; client<\/p>\n<\/div>\n","protected":false},"excerpt":{"rendered":"<p>Ma\u00eetriser les chiffres, maximiser le succ\u00e8s ! Un ensemble complet de comp\u00e9tences en mati\u00e8re de comptabilit\u00e9 et de tenue de livres NOS SERVICES AF Accounting est un cabinet comptable qui offre des services de comptabilit\u00e9 complets aux professionnels et aux PME (petites et moyennes entreprises). Nous croyons que l\u2019engagement de notre \u00e9quipe et notre approche [&hellip;]<\/p>\n","protected":false},"author":1,"featured_media":0,"parent":0,"menu_order":0,"comment_status":"closed","ping_status":"closed","template":"wp-custom-template-page-with-1280-content-width","meta":{"footnotes":""},"class_list":["post-3352","page","type-page","status-publish","hentry"],"_links":{"self":[{"href":"https:\/\/afaccounting.ca\/fr\/wp-json\/wp\/v2\/pages\/3352","targetHints":{"allow":["GET"]}}],"collection":[{"href":"https:\/\/afaccounting.ca\/fr\/wp-json\/wp\/v2\/pages"}],"about":[{"href":"https:\/\/afaccounting.ca\/fr\/wp-json\/wp\/v2\/types\/page"}],"author":[{"embeddable":true,"href":"https:\/\/afaccounting.ca\/fr\/wp-json\/wp\/v2\/users\/1"}],"replies":[{"embeddable":true,"href":"https:\/\/afaccounting.ca\/fr\/wp-json\/wp\/v2\/comments?post=3352"}],"version-history":[{"count":5,"href":"https:\/\/afaccounting.ca\/fr\/wp-json\/wp\/v2\/pages\/3352\/revisions"}],"predecessor-version":[{"id":3412,"href":"https:\/\/afaccounting.ca\/fr\/wp-json\/wp\/v2\/pages\/3352\/revisions\/3412"}],"wp:attachment":[{"href":"https:\/\/afaccounting.ca\/fr\/wp-json\/wp\/v2\/media?parent=3352"}],"curies":[{"name":"wp","href":"https:\/\/api.w.org\/{rel}","templated":true}]}}