{"id":3321,"date":"2023-04-14T16:03:58","date_gmt":"2023-04-14T16:03:58","guid":{"rendered":"https:\/\/434bdd8f8510439030.temporary.link\/\/?page_id=3321"},"modified":"2023-07-08T16:14:16","modified_gmt":"2023-07-08T16:14:16","slug":"faq","status":"publish","type":"page","link":"https:\/\/afaccounting.ca\/fr\/faq\/","title":{"rendered":"Questions fr\u00e9quemment pos\u00e9es"},"content":{"rendered":"\n<h5 class=\"wp-block-heading\">Affaires &#8211; G\u00e9n\u00e9ral<\/h5>\n\n\n\n<ul class=\"wp-block-list\">\n<li><a href=\"https:\/\/afaccounting.ca\/fr\/faq.html#taxes-general-bookkeeping\">Je cherche quelqu&rsquo;un pour s&rsquo;occuper de nos imp\u00f4ts et de la comptabilit\u00e9 g\u00e9n\u00e9rale (entreprise). Pouvons-nous fixer un rendez-vous ?<\/a><\/li>\n\n\n\n<li><a href=\"https:\/\/afaccounting.ca\/fr\/faq.html#start-up\">Travaillez-vous avec des start-up ?<\/a><\/li>\n\n\n\n<li><a href=\"https:\/\/afaccounting.ca\/fr\/faq.html#everythinginfreshbooks\">Je cherche quelqu&rsquo;un pour faire mes imp\u00f4ts sur les soci\u00e9t\u00e9s cette ann\u00e9e. Tout est dans Freshbooks. Pouvez-vous m&rsquo;aider ?<\/a><\/li>\n\n\n\n<li><a href=\"https:\/\/afaccounting.ca\/fr\/faq.html#donerush\">Nous aurions besoin de faire faire nos imp\u00f4ts sur les soci\u00e9t\u00e9s en urgence. Veuillez nous indiquer si cela peut \u00eatre fait rapidement.<\/a><\/li>\n\n\n\n<li><a href=\"https:\/\/afaccounting.ca\/fr\/faq.html#usacorp\">D\u00e9clarez-vous les imp\u00f4ts des soci\u00e9t\u00e9s bas\u00e9es aux \u00c9tats-Unis ?<\/a><\/li>\n\n\n\n<li><a href=\"https:\/\/afaccounting.ca\/fr\/faq.html#accountingsoftware\">Quel logiciel de comptabilit\u00e9 recommandez-vous ?<\/a><\/li>\n\n\n\n<li><a href=\"https:\/\/afaccounting.ca\/fr\/faq.html#moveonline\">Pouvez-vous nous aider \u00e0 transf\u00e9rer notre syst\u00e8me comptable de bureau vers un syst\u00e8me en ligne ?<\/a><\/li>\n\n\n\n<li><a href=\"https:\/\/afaccounting.ca\/fr\/faq.html#corpcanada\">D\u00e9posez-vous des d\u00e9clarations de revenus pour des soci\u00e9t\u00e9s dans une province canadienne ?<\/a><\/li>\n\n\n\n<li><a href=\"https:\/\/afaccounting.ca\/fr\/faq.html#incorpservice\">Votre entreprise offre-t-elle des services de constitution en soci\u00e9t\u00e9 ?<\/a><\/li>\n\n\n\n<li><a href=\"https:\/\/afaccounting.ca\/fr\/faq.html#boxofbills\">Si nous travaillons ensemble, pouvons-nous d\u00e9poser une bo\u00eete de factures \u00e0 la fin du mois et vous vous occupez du reste ?<\/a><\/li>\n\n\n\n<li><a href=\"https:\/\/afaccounting.ca\/fr\/faq.html#auditservice\">Offrez-vous des services d&rsquo;audit ou de r\u00e9vision ?<\/a><\/li>\n<\/ul>\n\n\n\n<h5 class=\"wp-block-heading\">Personnel &#8211; G\u00e9n\u00e9ral<\/h5>\n\n\n\n<ul class=\"wp-block-list\">\n<li><a href=\"https:\/\/afaccounting.ca\/fr\/faq.html#ratespersonal\">Quels sont vos tarifs pour les imp\u00f4ts des particuliers ?<\/a><\/li>\n\n\n\n<li><a href=\"https:\/\/afaccounting.ca\/fr\/faq.html#personalprovinces\">D\u00e9clarez-vous des imp\u00f4ts personnels pour toutes les provinces ?<\/a><\/li>\n\n\n\n<li><a href=\"https:\/\/afaccounting.ca\/fr\/faq.html#personaltraining\">Offrez-vous des services de formation pour les imp\u00f4ts des particuliers ?<\/a><\/li>\n\n\n\n<li><a href=\"https:\/\/afaccounting.ca\/fr\/faq.html#personalusa\">Votre entreprise pr\u00e9pare-t-elle les d\u00e9clarations fiscales personnelles des \u00c9tats-Unis ?<\/a><\/li>\n<\/ul>\n\n\n\n<h5 class=\"wp-block-heading\">G\u00e9n\u00e9ral &#8211; Bureau<\/h5>\n\n\n\n<ul class=\"wp-block-list\">\n<li><a href=\"https:\/\/afaccounting.ca\/fr\/faq.html#hoursofoperation\">Quelles sont vos heures d&rsquo;ouverture ?<\/a><\/li>\n\n\n\n<li><a href=\"https:\/\/afaccounting.ca\/fr\/faq.html#meetinperson\">Pouvons-nous nous rencontrer en personne ?<\/a><\/li>\n\n\n\n<li><a href=\"https:\/\/afaccounting.ca\/fr\/faq.html#hourlyrate\">Quel est votre taux horaire ?<\/a><\/li>\n<\/ul>\n\n\n\n<h5 class=\"wp-block-heading\">Sp\u00e9cifique \u00e0 Xero<\/h5>\n\n\n\n<ul class=\"wp-block-list\">\n<li><a href=\"https:\/\/afaccounting.ca\/fr\/faq.html#xerosalestaxes\">Xero peut-il g\u00e9rer les taxes de vente canadiennes ?<\/a><\/li>\n\n\n\n<li><a href=\"https:\/\/afaccounting.ca\/fr\/faq.html#xerofrench\">Xero fonctionne-t-il en fran\u00e7ais ?<\/a><\/li>\n\n\n\n<li><a href=\"https:\/\/afaccounting.ca\/fr\/faq.html#xerobanks\">Xero est-il connect\u00e9 \u00e0 toutes les banques canadiennes ?<\/a><\/li>\n<\/ul>\n\n\n\n<h3 class=\"wp-block-heading\">Business \u2013 General<\/h3>\n\n\n\n<h6 class=\"wp-block-heading\">Je cherche quelqu&rsquo;un pour s&rsquo;occuper de nos imp\u00f4ts et de la comptabilit\u00e9 g\u00e9n\u00e9rale (entreprise). Pouvons-nous fixer un rendez-vous ?<\/h6>\n\n\n\n<p>Oui, nous pouvons organiser un rendez-vous. Avant le rendez-vous, nous aurons besoin des informations suivantes :<\/p>\n\n\n\n<ul class=\"wp-block-list\">\n<li>De quel type d&rsquo;entreprise s&rsquo;agit-il ?<\/li>\n\n\n\n<li>Quand l&rsquo;entreprise a-t-elle \u00e9t\u00e9 constitu\u00e9e en soci\u00e9t\u00e9 ?<\/li>\n\n\n\n<li>Quand se termine votre ann\u00e9e ?<\/li>\n\n\n\n<li>Comment avez-vous tenu vos registres comptables jusqu&rsquo;\u00e0 pr\u00e9sent ?<\/li>\n\n\n\n<li>Quel type de syst\u00e8me utilisez-vous ?<\/li>\n\n\n\n<li>Avez-vous des employ\u00e9s ? Si oui, combien ?<\/li>\n<\/ul>\n\n\n\n<h6 class=\"wp-block-heading\">Travaillez-vous avec des start-up ?<\/h6>\n\n\n\n<p>Oui et c&rsquo;est notre domaine d&rsquo;expertise. Nous recommandons Xero comme le logiciel de comptabilit\u00e9 pr\u00e9f\u00e9r\u00e9 de tous nos clients. Nous vous assisterons dans la conversion de votre syst\u00e8me comptable actuel et vous ferons partir du bon pied. Contactez nous via Skype ou par t\u00e9l\u00e9phone pour avoir plus de d\u00e9tails.<\/p>\n\n\n\n<h6 class=\"wp-block-heading\">Je cherche quelqu&rsquo;un pour faire mes imp\u00f4ts sur les soci\u00e9t\u00e9s cette ann\u00e9e. Tout est dans Freshbooks. Pouvez-vous m&rsquo;aider ?<\/h6>\n\n\n\n<p>Freshbooks est un excellent outil de facturation et de suivi du temps et un grand nombre de nos clients utilisent actuellement ce logiciel. Cependant, Freshbooks n&rsquo;est pas un v\u00e9ritable syst\u00e8me de comptabilit\u00e9 et je vous recommande vivement d&rsquo;utiliser un syst\u00e8me plus robuste tel que Xero. Veuillez noter que Freshbooks s&rsquo;int\u00e8gre parfaitement \u00e0 Xero. Contactez-nous si vous avez besoin de plus d&rsquo;informations.<\/p>\n\n\n\n<h6 class=\"wp-block-heading\">Nous aurions besoin de faire faire nos imp\u00f4ts sur les soci\u00e9t\u00e9s en urgence. Veuillez nous indiquer si cela peut \u00eatre fait rapidement.<\/h6>\n\n\n\n<p>Nous pr\u00e9f\u00e9rons ne pas acc\u00e9l\u00e9rer le processus d&#8217;embarquement de nos nouveaux clients. Dans la plupart des cas, les agents gouvernementaux seront accommodants et prolongeront les d\u00e9lais initiaux. Contactez-nous par Skype ou par t\u00e9l\u00e9phone pour fixer un rendez-vous.<\/p>\n\n\n\n<h6 class=\"wp-block-heading\">D\u00e9clarez-vous les imp\u00f4ts des soci\u00e9t\u00e9s bas\u00e9es aux \u00c9tats-Unis ?<\/h6>\n\n\n\n<p>Non, malheureusement, nous ne sommes pas \u00e9quip\u00e9s pour d\u00e9clarer les imp\u00f4ts des soci\u00e9t\u00e9s en dehors du Canada.<\/p>\n\n\n\n<h6 class=\"wp-block-heading\">Quel logiciel de comptabilit\u00e9 recommandez-vous ?<\/h6>\n\n\n\n<p>Notre logiciel de comptabilit\u00e9 pr\u00e9f\u00e9r\u00e9 est Xero, pour lequel nous sommes experts. En outre, nous sommes des conseillers certifi\u00e9s pour Quickbooks Online, Sage One et Freshbooks.<\/p>\n\n\n\n<h6 class=\"wp-block-heading\">Pouvez-vous nous aider \u00e0 transf\u00e9rer notre syst\u00e8me comptable de bureau vers un syst\u00e8me en ligne ?<\/h6>\n\n\n\n<p>Absolument ! Et le meilleur moment pour changer de logiciel de comptabilit\u00e9 serait au d\u00e9but d&rsquo;une nouvelle ann\u00e9e fiscale. Contactez-nous pour que nous puissions vous aider \u00e0 planifier la conversion. Beaucoup de travail peut \u00eatre n\u00e9cessaire pour effectuer la conversion, il est important que vous nous contactiez avant la fin de l&rsquo;ann\u00e9e.<\/p>\n\n\n\n<h6 class=\"wp-block-heading\">D\u00e9posez-vous des d\u00e9clarations de revenus pour des soci\u00e9t\u00e9s dans une province canadienne ?<\/h6>\n\n\n\n<p>Oui. Notre si\u00e8ge social est situ\u00e9 au Qu\u00e9bec, mais nous sommes en mesure de produire des d\u00e9clarations de revenus pour n&rsquo;importe quelle province. Comme la majorit\u00e9 de nos services sont offerts en ligne, votre emplacement n&rsquo;est pas un probl\u00e8me.<\/p>\n\n\n\n<h6 class=\"wp-block-heading\">Votre entreprise offre-t-elle des services de constitution en soci\u00e9t\u00e9 ?<\/h6>\n\n\n\n<p>Nous ne constituons pas nous-m\u00eames les entreprises en soci\u00e9t\u00e9 ; nous faisons appel \u00e0 un tiers pour la constitution (www.incorpdirect.ca) et facturons simplement notre travail de cr\u00e9ation de votre entreprise. En tant que comptables, nous pouvons vous fournir des conseils pr\u00e9cieux sur les avantages de la constitution en soci\u00e9t\u00e9.<\/p>\n\n\n\n<h6 class=\"wp-block-heading\">Si nous travaillons ensemble, pouvons-nous d\u00e9poser une bo\u00eete de factures \u00e0 la fin du mois et vous vous occupez du reste ?<\/h6>\n\n\n\n<p>Au cours des derni\u00e8res ann\u00e9es, nous avons fait un effort conscient pour r\u00e9duire\/\u00e9liminer le papier de notre cabinet comptable en utilisant des logiciels en nuage plus efficaces. Les documents \u00e9lectroniques sont plus simples \u00e0 transmettre, \u00e0 copier, \u00e0 rechercher et \u00e0 stocker. Malheureusement, si vous pr\u00e9f\u00e9rez travailler avec du papier, nous ne pouvons pas vous servir. Si vous souhaitez apprendre comment r\u00e9duire vos entr\u00e9es\/sorties de papier, veuillez nous contacter pour en savoir plus !<\/p>\n\n\n\n<h6 class=\"wp-block-heading\">Offrez-vous des services d&rsquo;audit ou de r\u00e9vision ?<\/h6>\n\n\n\n<p>Nous offrons uniquement la compilation d&rsquo;\u00e9tats financiers non v\u00e9rifi\u00e9s (Avis au lecteur). Si vous avez besoin de services de v\u00e9rification ou d&rsquo;examen, nous pouvons vous recommander un autre cabinet.<\/p>\n\n\n\n<h3 class=\"wp-block-heading\">Personal \u2013 General<\/h3>\n\n\n\n<h6 class=\"wp-block-heading\">Quels sont vos tarifs pour les imp\u00f4ts des particuliers ?<\/h6>\n\n\n\n<p>Nos tarifs pour une d\u00e9claration de revenus personnelle commencent \u00e0 300 $. Veuillez <a href=\"https:\/\/afaccounting.ca\/fr\/contact\">nous contacter<\/a> pour obtenir des instructions sur la fa\u00e7on de commencer.<\/p>\n\n\n\n<h6 class=\"wp-block-heading\">D\u00e9clarez-vous des imp\u00f4ts personnels pour toutes les provinces ?<\/h6>\n\n\n\n<p>Oui. Notre si\u00e8ge social est situ\u00e9 au Qu\u00e9bec, mais nous sommes en mesure de produire des d\u00e9clarations de revenus pour n&rsquo;importe quelle province. Comme la majorit\u00e9 de nos services sont offerts en ligne, votre emplacement n&rsquo;est pas un probl\u00e8me.<\/p>\n\n\n\n<h6 class=\"wp-block-heading\">Offrez-vous des services de formation pour les imp\u00f4ts des particuliers ?<\/h6>\n\n\n\n<p>Nous n&rsquo;offrons pas de services de formation pour les imp\u00f4ts personnels.<\/p>\n\n\n\n<h6 class=\"wp-block-heading\">Votre entreprise pr\u00e9pare-t-elle les d\u00e9clarations fiscales personnelles des \u00c9tats-Unis ?<\/h6>\n\n\n\n<p>Plus d&rsquo;un million de citoyens am\u00e9ricains vivent et travaillent au Canada. Nombre d&rsquo;entre eux doivent pr\u00e9parer \u00e0 la fois une d\u00e9claration de revenus am\u00e9ricaine et une d\u00e9claration de revenus canadienne. Malheureusement, nous ne pr\u00e9parons pas les d\u00e9clarations de revenus des \u00c9tats-Unis.<\/p>\n\n\n\n<h3 class=\"wp-block-heading\">G\u00e9n\u00e9ral &#8211; Bureau<\/h3>\n\n\n\n<h6 class=\"wp-block-heading\">Quelles sont vos heures d&rsquo;ouverture ?<\/h6>\n\n\n\n<p>Nos jours d&rsquo;activit\u00e9 sont du lundi au vendredi et il est possible de fixer un rendez-vous pendant cette p\u00e9riode. Avant d&rsquo;organiser un rendez-vous, nous vous remercions de nous contacter d&rsquo;abord par e-mail.<\/p>\n\n\n\n<h6 class=\"wp-block-heading\">Pouvons-nous nous rencontrer en personne ?<\/h6>\n\n\n\n<p>Nous croyons qu&rsquo;il faut tirer parti de la technologie et nos m\u00e9thodes de communication pr\u00e9f\u00e9r\u00e9es sont Skype, les courriels et le t\u00e9l\u00e9phone. Nous offrons un excellent soutien virtuel et, souvent, nous n&rsquo;avons pas besoin de nous rencontrer en personne. Si, apr\u00e8s notre premi\u00e8re interaction, vous souhaitez toujours nous rencontrer, nous serons heureux de fixer un rendez-vous en personne.<\/p>\n\n\n\n<h6 class=\"wp-block-heading\">Quel est votre taux horaire ?<\/h6>\n\n\n\n<p>Nous fixons le prix de nos services et vous fournissons le co\u00fbt pr\u00e9vu, avant le d\u00e9but de notre travail, afin de nous assurer qu&rsquo;il n&rsquo;y a pas de surprises. Nous sommes des professionnels et nous excellons dans ce que nous faisons. Nous ne suivons pas notre temps et ne poss\u00e9dons pas de logiciel de suivi du temps et nous nous en moquons ! Nous investissons tout le temps n\u00e9cessaire pour d\u00e9passer les attentes de nos clients et l&rsquo;objectif de notre \u00e9quipe est toujours de vous fournir un excellent service.<\/p>\n\n\n\n<h3 class=\"wp-block-heading\">Sp\u00e9cifique \u00e0 Xero<\/h3>\n\n\n\n<h6 class=\"wp-block-heading\">Xero peut-il g\u00e9rer les taxes de vente canadiennes ?<\/h6>\n\n\n\n<p>Oui, Xero peut g\u00e9rer les taxes de vente de chaque province.<\/p>\n\n\n\n<h6 class=\"wp-block-heading\">Xero fonctionne-t-il en fran\u00e7ais ?<\/h6>\n\n\n\n<p>Xero est uniquement en anglais. Nous avons cr\u00e9\u00e9 des mod\u00e8les en fran\u00e7ais pour les \u00e9l\u00e9ments qui seraient envoy\u00e9s aux clients, tels que les factures, les bons de commande et les relev\u00e9s de comptes. Cependant, le backend que vous voyez est en anglais.<\/p>\n\n\n\n<h6 class=\"wp-block-heading\">Xero est-il connect\u00e9 \u00e0 toutes les banques canadiennes ?<\/h6>\n\n\n\n<p>Xero fonctionne tr\u00e8s bien avec la plupart des grandes banques canadiennes telles que TD Canada Trust, RBC, BMO, CIBC et la Banque de Nouvelle-\u00c9cosse. Pour les autres banques qui n&rsquo;offrent pas l&rsquo;alimentation bancaire automatis\u00e9e, il existe des t\u00e9l\u00e9chargements \u00e9lectroniques \u00e0 importer dans le logiciel Xero.<\/p>\n","protected":false},"excerpt":{"rendered":"<p>Affaires &#8211; G\u00e9n\u00e9ral Personnel &#8211; G\u00e9n\u00e9ral G\u00e9n\u00e9ral &#8211; Bureau Sp\u00e9cifique \u00e0 Xero Business \u2013 General Je cherche quelqu&rsquo;un pour s&rsquo;occuper de nos imp\u00f4ts et de la comptabilit\u00e9 g\u00e9n\u00e9rale (entreprise). Pouvons-nous fixer un rendez-vous ? Oui, nous pouvons organiser un rendez-vous. Avant le rendez-vous, nous aurons besoin des informations suivantes : Travaillez-vous avec des start-up ? [&hellip;]<\/p>\n","protected":false},"author":1,"featured_media":0,"parent":0,"menu_order":0,"comment_status":"closed","ping_status":"closed","template":"","meta":{"footnotes":""},"class_list":["post-3321","page","type-page","status-publish","hentry"],"_links":{"self":[{"href":"https:\/\/afaccounting.ca\/fr\/wp-json\/wp\/v2\/pages\/3321","targetHints":{"allow":["GET"]}}],"collection":[{"href":"https:\/\/afaccounting.ca\/fr\/wp-json\/wp\/v2\/pages"}],"about":[{"href":"https:\/\/afaccounting.ca\/fr\/wp-json\/wp\/v2\/types\/page"}],"author":[{"embeddable":true,"href":"https:\/\/afaccounting.ca\/fr\/wp-json\/wp\/v2\/users\/1"}],"replies":[{"embeddable":true,"href":"https:\/\/afaccounting.ca\/fr\/wp-json\/wp\/v2\/comments?post=3321"}],"version-history":[{"count":2,"href":"https:\/\/afaccounting.ca\/fr\/wp-json\/wp\/v2\/pages\/3321\/revisions"}],"predecessor-version":[{"id":3374,"href":"https:\/\/afaccounting.ca\/fr\/wp-json\/wp\/v2\/pages\/3321\/revisions\/3374"}],"wp:attachment":[{"href":"https:\/\/afaccounting.ca\/fr\/wp-json\/wp\/v2\/media?parent=3321"}],"curies":[{"name":"wp","href":"https:\/\/api.w.org\/{rel}","templated":true}]}}