{"id":3319,"date":"2023-04-14T16:03:48","date_gmt":"2023-04-14T16:03:48","guid":{"rendered":"https:\/\/434bdd8f8510439030.temporary.link\/\/?page_id=3319"},"modified":"2023-07-08T16:46:14","modified_gmt":"2023-07-08T16:46:14","slug":"avis-de-confidentialite","status":"publish","type":"page","link":"https:\/\/afaccounting.ca\/fr\/avis-de-confidentialite\/","title":{"rendered":"Avis de confidentialit\u00e9"},"content":{"rendered":"\n<p><strong>Nous respectons votre vie priv\u00e9e<\/strong><\/p>\n\n\n\n<p>Chez AF Accounting Inc., nous accordons autant d&rsquo;importance que vous \u00e0 la confidentialit\u00e9. La protection des informations de nos clients est une priorit\u00e9 pour nous et nous nous engageons \u00e0 respecter votre vie priv\u00e9e. Nous continuerons \u00e0 garder le contr\u00f4le de toute information priv\u00e9e qui nous est fournie et nous promettons d&rsquo;\u00eatre transparents quant \u00e0 nos pratiques.<\/p>\n\n\n\n<p>Cette politique a \u00e9t\u00e9 mise \u00e0 jour pour la derni\u00e8re fois le 21 janvier 2017. AF Accounting Inc. se r\u00e9serve le droit, \u00e0 tout moment et sans pr\u00e9avis, de modifier ou de remplacer toute partie de la politique de confidentialit\u00e9. Toute modification de la politique peut \u00eatre trouv\u00e9e sur cette page et il est de votre responsabilit\u00e9 de v\u00e9rifier p\u00e9riodiquement la politique pour les mises \u00e0 jour. L&rsquo;utilisation du site Web apr\u00e8s toute mise \u00e0 jour de la politique constitue l&rsquo;acceptation de ces modifications.<\/p>\n\n\n\n<p><strong>R\u00e9sum\u00e9 de la politique de confidentialit\u00e9<\/strong><\/p>\n\n\n\n<p>La pr\u00e9sente politique d\u00e9crit en d\u00e9tail le traitement des \u00ab\u00a0renseignements personnels\u00a0\u00bb et des autres renseignements recueillis par AF Accounting Inc. lors de l&rsquo;utilisation ou de l&rsquo;acc\u00e8s \u00e0 notre site Web. Cette politique explique \u00e9galement le traitement des \u00ab\u00a0renseignements personnels\u00a0\u00bb qu&rsquo;AF Accounting Inc. peut partager avec ses partenaires commerciaux ou d&rsquo;autres parties autoris\u00e9es dans des circonstances tr\u00e8s limit\u00e9es.<\/p>\n\n\n\n<p><strong>Collecte d&rsquo;informations personnelles<\/strong><\/p>\n\n\n\n<p>Dans le cadre de nos activit\u00e9s quotidiennes, et avec la pleine connaissance de nos clients, nous recueillons des informations personnelles. Ces donn\u00e9es sont collect\u00e9es et utilis\u00e9es dans le cadre de la fourniture de services professionnels \u00e0 nos clients et uniquement dans le but indiqu\u00e9.<\/p>\n\n\n\n<p><strong>S\u00e9curit\u00e9 et cryptage des informations<\/strong><\/p>\n\n\n\n<p>AF Accounting Inc. utilise uniquement les meilleures pratiques de l&rsquo;industrie pour assurer la s\u00e9curit\u00e9 de toutes les donn\u00e9es recueillies. L&rsquo;authentification est utilis\u00e9e pour emp\u00eacher l&rsquo;acc\u00e8s non autoris\u00e9 aux renseignements personnels stock\u00e9s \u00e9lectroniquement. De plus, AF Accounting Inc. fait appel \u00e0 des vendeurs et \u00e0 des partenaires d&rsquo;h\u00e9bergement tiers pour fournir le mat\u00e9riel, les logiciels, les r\u00e9seaux, le stockage et la technologie connexe n\u00e9cessaires au fonctionnement de notre site Web. Ces tiers ont \u00e9t\u00e9 s\u00e9lectionn\u00e9s pour leurs normes \u00e9lev\u00e9es de s\u00e9curit\u00e9.<\/p>\n\n\n\n<p><strong>Limitation de la collecte d&rsquo;informations \u00e0 des fins statistiques, analytiques et de s\u00e9curit\u00e9<\/strong><\/p>\n\n\n\n<p>AF Accounting Inc. utilise Google Analytics, un service d&rsquo;analyse de site internet fourni par Google Inc. Google Analytics utilise des \u00ab\u00a0cookies\u00a0\u00bb, qui sont des fichiers texte plac\u00e9s sur votre ordinateur, pour aider le site internet \u00e0 analyser l&rsquo;utilisation du site par ses utilisateurs. Les informations g\u00e9n\u00e9r\u00e9es par les cookies concernant votre utilisation du site (y compris votre adresse IP) sont transmises \u00e0 un serveur de Google aux \u00c9tats-Unis et y sont stock\u00e9es. Google ne recoupera pas votre adresse IP avec toute autre donn\u00e9e d\u00e9tenue par Google. Vous pouvez refuser l&rsquo;utilisation de cookies en s\u00e9lectionnant les param\u00e8tres appropri\u00e9s de votre navigateur. En utilisant ce site web, vous consentez au traitement des donn\u00e9es vous concernant par Google de la mani\u00e8re et aux fins d\u00e9crites ci-dessus.<\/p>\n\n\n\n<p><strong>Non-divulgation des informations personnelles<\/strong><\/p>\n\n\n\n<p>AF Accounting Inc. ne divulgue pas \u00e0 des tiers les renseignements personnels recueillis par l&rsquo;interm\u00e9diaire du site Web. Nous n&rsquo;utilisons ou ne divulguons les renseignements personnels qu&rsquo;aux fins pour lesquelles ils ont \u00e9t\u00e9 consentis, ou si la loi l&rsquo;exige. Nous pouvons \u00eatre tenus de partager des renseignements pour nous prot\u00e9ger contre la fraude ou le risque de cr\u00e9dit, en r\u00e9ponse \u00e0 une assignation \u00e0 compara\u00eetre devant un tribunal, et en partageant ces renseignements avec d&rsquo;autres personnes qui peuvent nous aider \u00e0 nous conformer aux normes professionnelles ou qui nous aident \u00e0 vous fournir des services de pr\u00e9paration de d\u00e9clarations de revenus et d&rsquo;autres services.<\/p>\n\n\n\n<p>Nous pouvons \u00e9galement \u00eatre tenus de divulguer des informations \u00e0 une soci\u00e9t\u00e9 m\u00e8re, des filiales, des coentreprises ou d&rsquo;autres soci\u00e9t\u00e9s sous contr\u00f4le commun avec AF Accounting Inc. ainsi que si nous sommes acquis par ou fusionn\u00e9s avec une autre entit\u00e9 (dans ce cas, nous demanderons \u00e0 cette entit\u00e9 d&rsquo;assumer nos obligations en vertu de la pr\u00e9sente politique, ou nous vous informerons que vous \u00eates couvert par une nouvelle politique de confidentialit\u00e9).<\/p>\n\n\n\n<p><strong>Services tiers<\/strong><\/p>\n\n\n\n<p>AF Accounting Inc. utilise certains services de tiers pour am\u00e9liorer son site Web. Les informations personnelles peuvent \u00eatre transf\u00e9r\u00e9es d&rsquo;AF Accounting Inc. \u00e0 ces services tiers, mais uniquement dans la mesure o\u00f9 cela est n\u00e9cessaire \u00e0 leur bon fonctionnement. Ces services tiers comprennent Facebook, Twitter, LinkedIn et Google+ pour le partage de contenu. Si vous n&rsquo;\u00eates pas d\u00e9j\u00e0 connect\u00e9 \u00e0 ces services tiers, vos informations personnelles requises pour vous connecter \u00e0 ces comptes sont transf\u00e9r\u00e9es en toute s\u00e9curit\u00e9 d&rsquo;AF Accounting Inc. aux services tiers. Lorsque vos informations personnelles sont transf\u00e9r\u00e9es \u00e0 ces services tiers, elles sont couvertes par leurs politiques de confidentialit\u00e9 respectives.<\/p>\n\n\n\n<p><strong>Acc\u00e8s individuel et suppression des informations personnelles<\/strong><\/p>\n\n\n\n<p>AF Accounting Inc. r\u00e9pond, en temps opportun, aux demandes de ses clients concernant leurs renseignements personnels. Si vous souhaitez consulter vos renseignements personnels ou faire supprimer tous vos renseignements personnels de nos dossiers, veuillez communiquer avec nous par l&rsquo;interm\u00e9diaire de l&rsquo;onglet \u00ab\u00a0Contactez-nous\u00a0\u00bb de notre site Web.<\/p>\n\n\n\n<p><strong>Questions li\u00e9es \u00e0 l&rsquo;Internet<\/strong><\/p>\n\n\n\n<p>Malgr\u00e9 tous les efforts d\u00e9ploy\u00e9s par AF Accounting Inc., la confidentialit\u00e9 et la s\u00e9curit\u00e9 compl\u00e8tes ne peuvent \u00eatre garanties sur Internet. Toutes les communications sur le Web sont susceptibles d&rsquo;\u00eatre intercept\u00e9es, perdues ou modifi\u00e9es. Vous reconnaissez et acceptez que AF Accounting Inc. ne peut \u00eatre tenue responsable des dommages r\u00e9sultant de la transmission d&rsquo;informations confidentielles ou personnelles sur le Web et que ces communications sont \u00e0 vos propres risques.<\/p>\n\n\n\n<p><strong>Limitation de la responsabilit\u00e9<\/strong><\/p>\n\n\n\n<p>AF Accounting Inc., ses administrateurs, ses dirigeants, ses employ\u00e9s ou ses entrepreneurs ne peuvent \u00eatre tenus responsables de toute perte ou de tout dommage, y compris (sans limiter la g\u00e9n\u00e9ralit\u00e9 de ce qui pr\u00e9c\u00e8de) toute perte ou tout dommage direct, indirect, accessoire, sp\u00e9cial, punitif ou autre, d\u00e9coulant de l&rsquo;utilisation abusive de toute information recueillie par un tiers ou de l&rsquo;utilisation abusive de toute information recueillie par le site Web qui n&rsquo;est pas en violation de la politique.<\/p>\n\n\n\n<p><strong>Respect de la loi sur la protection de la vie priv\u00e9e<\/strong><\/p>\n\n\n\n<p>Notre politique de confidentialit\u00e9 et les pratiques d&rsquo;AF Accounting Inc. sont con\u00e7ues pour \u00eatre conformes \u00e0 la Loi sur les renseignements personnels et les documents \u00e9lectroniques du Canada (LPRPDE, L.C. 200, c. 5) et \u00e0 la Loi sur la protection des renseignements personnels dans le secteur priv\u00e9 du Qu\u00e9bec (L.R.Q. c.P-39.1). Si vous avez des questions concernant cette conformit\u00e9, veuillez communiquer avec nous par l&rsquo;interm\u00e9diaire de l&rsquo;onglet \u00a0\u00bb Contactez-nous \u00a0\u00bb de notre site Web.<\/p>\n","protected":false},"excerpt":{"rendered":"<p>Nous respectons votre vie priv\u00e9e Chez AF Accounting Inc., nous accordons autant d&rsquo;importance que vous \u00e0 la confidentialit\u00e9. La protection des informations de nos clients est une priorit\u00e9 pour nous et nous nous engageons \u00e0 respecter votre vie priv\u00e9e. Nous continuerons \u00e0 garder le contr\u00f4le de toute information priv\u00e9e qui nous est fournie et nous [&hellip;]<\/p>\n","protected":false},"author":1,"featured_media":0,"parent":0,"menu_order":0,"comment_status":"closed","ping_status":"closed","template":"","meta":{"footnotes":""},"class_list":["post-3319","page","type-page","status-publish","hentry"],"_links":{"self":[{"href":"https:\/\/afaccounting.ca\/fr\/wp-json\/wp\/v2\/pages\/3319","targetHints":{"allow":["GET"]}}],"collection":[{"href":"https:\/\/afaccounting.ca\/fr\/wp-json\/wp\/v2\/pages"}],"about":[{"href":"https:\/\/afaccounting.ca\/fr\/wp-json\/wp\/v2\/types\/page"}],"author":[{"embeddable":true,"href":"https:\/\/afaccounting.ca\/fr\/wp-json\/wp\/v2\/users\/1"}],"replies":[{"embeddable":true,"href":"https:\/\/afaccounting.ca\/fr\/wp-json\/wp\/v2\/comments?post=3319"}],"version-history":[{"count":1,"href":"https:\/\/afaccounting.ca\/fr\/wp-json\/wp\/v2\/pages\/3319\/revisions"}],"predecessor-version":[{"id":3384,"href":"https:\/\/afaccounting.ca\/fr\/wp-json\/wp\/v2\/pages\/3319\/revisions\/3384"}],"wp:attachment":[{"href":"https:\/\/afaccounting.ca\/fr\/wp-json\/wp\/v2\/media?parent=3319"}],"curies":[{"name":"wp","href":"https:\/\/api.w.org\/{rel}","templated":true}]}}