{"id":3309,"date":"2023-04-14T15:56:45","date_gmt":"2023-04-14T15:56:45","guid":{"rendered":"https:\/\/434bdd8f8510439030.temporary.link\/\/?page_id=3309"},"modified":"2023-07-08T16:45:15","modified_gmt":"2023-07-08T16:45:15","slug":"nos-forfaits","status":"publish","type":"page","link":"https:\/\/afaccounting.ca\/fr\/nos-forfaits\/","title":{"rendered":"Nos forfaits"},"content":{"rendered":"\n<div style=\"height:30px\" aria-hidden=\"true\" class=\"wp-block-spacer\"><\/div>\n\n\n\n<div class=\"wp-block-group is-vertical is-layout-flex wp-container-core-group-is-layout-fe9cc265 wp-block-group-is-layout-flex\">\n<h2 class=\"wp-block-heading has-text-align-left has-text-color\" style=\"color:#44004c;text-transform:uppercase\">Nos forfaits<\/h2>\n\n\n\n<div class=\"wp-block-columns minimum-minimal-misc-2col-imageleft-textright is-layout-flex wp-container-core-columns-is-layout-28232c24 wp-block-columns-is-layout-flex\">\n<div class=\"wp-block-column is-vertically-aligned-center is-layout-flow wp-block-column-is-layout-flow\" style=\"flex-basis:50%\">\n<p class=\"has-text-align-left has-medium-font-size\">Nos forfaits sont con\u00e7us pour vous soutenir durant les \u00e9tapes importantes de la croissance de votre entreprise.<\/p>\n<\/div>\n\n\n\n<div class=\"wp-block-column is-vertically-aligned-center is-layout-flow wp-block-column-is-layout-flow\" style=\"flex-basis:50%\">\n<div class=\"wp-block-group is-content-justification-center is-nowrap is-layout-flex wp-container-core-group-is-layout-30af0b55 wp-block-group-is-layout-flex\" style=\"padding-top:0;padding-right:var(--wp--preset--spacing--70);padding-bottom:0;padding-left:var(--wp--preset--spacing--70)\">\n<figure class=\"wp-block-image aligncenter size-large\"><img loading=\"lazy\" decoding=\"async\" width=\"1024\" height=\"690\" src=\"https:\/\/afaccounting.ca\/fr\/wp-content\/uploads\/2023\/07\/team-of-accountants-1024x690.png\" alt=\"\" class=\"wp-image-3368\" srcset=\"https:\/\/afaccounting.ca\/fr\/wp-content\/uploads\/2023\/07\/team-of-accountants-1024x690.png 1024w, https:\/\/afaccounting.ca\/fr\/wp-content\/uploads\/2023\/07\/team-of-accountants-300x202.png 300w, https:\/\/afaccounting.ca\/fr\/wp-content\/uploads\/2023\/07\/team-of-accountants-768x518.png 768w, https:\/\/afaccounting.ca\/fr\/wp-content\/uploads\/2023\/07\/team-of-accountants.png 1166w\" sizes=\"auto, (max-width: 1024px) 100vw, 1024px\" \/><\/figure>\n<\/div>\n<\/div>\n<\/div>\n<\/div>\n\n\n\n<div style=\"height:40px\" aria-hidden=\"true\" class=\"wp-block-spacer\"><\/div>\n\n\n\n<figure class=\"wp-block-image size-full notonmobile\"><img loading=\"lazy\" decoding=\"async\" width=\"2337\" height=\"1809\" src=\"https:\/\/afaccounting.ca\/fr\/wp-content\/uploads\/2023\/07\/nos-forfaits.png\" alt=\"\" class=\"wp-image-3381\" srcset=\"https:\/\/afaccounting.ca\/fr\/wp-content\/uploads\/2023\/07\/nos-forfaits.png 2337w, https:\/\/afaccounting.ca\/fr\/wp-content\/uploads\/2023\/07\/nos-forfaits-300x232.png 300w, https:\/\/afaccounting.ca\/fr\/wp-content\/uploads\/2023\/07\/nos-forfaits-1024x793.png 1024w, https:\/\/afaccounting.ca\/fr\/wp-content\/uploads\/2023\/07\/nos-forfaits-768x594.png 768w, https:\/\/afaccounting.ca\/fr\/wp-content\/uploads\/2023\/07\/nos-forfaits-1536x1189.png 1536w, https:\/\/afaccounting.ca\/fr\/wp-content\/uploads\/2023\/07\/nos-forfaits-2048x1585.png 2048w\" sizes=\"auto, (max-width: 2337px) 100vw, 2337px\" \/><\/figure>\n\n\n\n<div class=\"wp-block-group w-full notonscreen is-vertical is-layout-flex wp-container-core-group-is-layout-fe9cc265 wp-block-group-is-layout-flex\">\n<style>\nthead {background:#440040;}\nthead th {color:#ffffff;}\n<\/style>\n\n\n\n<figure class=\"wp-block-table w-full is-style-stripes\"><table class=\"has-background has-border-color has-quaternary-border-color\" style=\"background-color:#44440000;border-width:1px\"><thead><tr><th class=\"has-text-align-center\" data-align=\"center\">Accro\u00eetre<\/th><\/tr><\/thead><tbody><tr><td class=\"has-text-align-center\" data-align=\"center\"><strong>Comptabilit\u00e9 et conformit\u00e9 fiscale<\/strong><\/td><\/tr><tr><td class=\"has-text-align-center\" data-align=\"center\">Sommes des ventes annuelles : > 100K<\/td><\/tr><tr><td class=\"has-text-align-center\" data-align=\"center\">Services de comptabilit\u00e9 : Mensuel<\/td><\/tr><tr><td class=\"has-text-align-center\" data-align=\"center\">Nombre de comptes : 1-5<\/td><\/tr><tr><td class=\"has-text-align-center\" data-align=\"center\">D\u00e9claration de la taxe de vente : Trimestrielle<\/td><\/tr><tr><td class=\"has-text-align-center\" data-align=\"center\">\u2713 D\u00e9claration annuelle de l&rsquo;imp\u00f4t sur les soci\u00e9t\u00e9s<\/td><\/tr><tr><td class=\"has-text-align-center\" data-align=\"center\">\u2713 Correspondance gouvernemental<\/td><\/tr><tr><td class=\"has-text-align-center\" data-align=\"center\">\u2713 Prise en charge de l&rsquo;audit gouvernemental<\/td><\/tr><tr><td class=\"has-text-align-center\" data-align=\"center\">Services de soutien \u00e0 la paie : &#8211;<\/td><\/tr><tr><td class=\"has-text-align-center\" data-align=\"center\">Nombre d&#8217;employ\u00e9s : 1-5<\/td><\/tr><tr><td class=\"has-text-align-center\" data-align=\"center\">Comptabilit\u00e9 g\u00e9n\u00e9rale et enqu\u00eate fiscale : Illimit\u00e9<\/td><\/tr><tr><td class=\"has-text-align-center\" data-align=\"center\">D\u00e9claration d&rsquo;imp\u00f4ts des particuliers : 1 Gratuit, Inclus<\/td><\/tr><tr><td class=\"has-text-align-center\" data-align=\"center\"><strong>Formation et outils<\/strong><\/td><\/tr><tr><td class=\"has-text-align-center\" data-align=\"center\">\u2713 Formation sur le logiciel de comptabilit\u00e9 Xero<\/td><\/tr><tr><td class=\"has-text-align-center\" data-align=\"center\">\u2713 Licence Xero<\/td><\/tr><tr><td class=\"has-text-align-center\" data-align=\"center\">\u2713 Hubdoc<\/td><\/tr><tr><td class=\"has-text-align-center\" data-align=\"center\"><strong>Rapports et conseils<\/strong><\/td><\/tr><tr><td class=\"has-text-align-center\" data-align=\"center\">\u00c9tats financiers : Annuellement<\/td><\/tr><tr><td class=\"has-text-align-center\" data-align=\"center\">Conseil sur la strat\u00e9gie salarial vs. les dividendes: &#8211;<\/td><\/tr><\/tbody><\/table><\/figure>\n\n\n\n<div style=\"height:20px\" aria-hidden=\"true\" class=\"wp-block-spacer\"><\/div>\n\n\n\n<figure class=\"wp-block-table w-full is-style-stripes\"><table class=\"has-background has-border-color has-quaternary-border-color\" style=\"background-color:#44440000;border-width:1px\"><thead><tr><th class=\"has-text-align-center\" data-align=\"center\">Prosperer<\/th><\/tr><\/thead><tbody><tr><td class=\"has-text-align-center\" data-align=\"center\"><strong>Comptabilit\u00e9 et conformit\u00e9 fiscale<\/strong><\/td><\/tr><tr><td class=\"has-text-align-center\" data-align=\"center\">Sommes des ventes annuelles : > 500K<\/td><\/tr><tr><td class=\"has-text-align-center\" data-align=\"center\">Services de comptabilit\u00e9 : Mensuel<\/td><\/tr><tr><td class=\"has-text-align-center\" data-align=\"center\">Nombre de comptes : >7<\/td><\/tr><tr><td class=\"has-text-align-center\" data-align=\"center\">D\u00e9claration de la taxe de vente : Trimestrielle<\/td><\/tr><tr><td class=\"has-text-align-center\" data-align=\"center\">\u2713 D\u00e9claration annuelle de l&rsquo;imp\u00f4t sur les soci\u00e9t\u00e9s<\/td><\/tr><tr><td class=\"has-text-align-center\" data-align=\"center\">\u2713 Correspondance gouvernemental<\/td><\/tr><tr><td class=\"has-text-align-center\" data-align=\"center\">\u2713 Prise en charge de l&rsquo;audit gouvernemental<\/td><\/tr><tr><td class=\"has-text-align-center\" data-align=\"center\">\u2713 Services de soutien \u00e0 la paie<\/td><\/tr><tr><td class=\"has-text-align-center\" data-align=\"center\">Nombre d&#8217;employ\u00e9s : >7<\/td><\/tr><tr><td class=\"has-text-align-center\" data-align=\"center\">Comptabilit\u00e9 g\u00e9n\u00e9rale et enqu\u00eate fiscale : Illimit\u00e9<\/td><\/tr><tr><td class=\"has-text-align-center\" data-align=\"center\">D\u00e9claration d&rsquo;imp\u00f4ts des particuliers : 2 Gratuit, Inclus<\/td><\/tr><tr><td class=\"has-text-align-center\" data-align=\"center\"><strong>Formation et outils<\/strong><\/td><\/tr><tr><td class=\"has-text-align-center\" data-align=\"center\">\u2713 Formation sur le logiciel de comptabilit\u00e9 Xero<\/td><\/tr><tr><td class=\"has-text-align-center\" data-align=\"center\">\u2713 Licence Xero<\/td><\/tr><tr><td class=\"has-text-align-center\" data-align=\"center\">\u2713 Hubdoc<\/td><\/tr><tr><td class=\"has-text-align-center\" data-align=\"center\"><strong>Rapports et conseils<\/strong><\/td><\/tr><tr><td class=\"has-text-align-center\" data-align=\"center\">\u00c9tats financiers : Annuellement<\/td><\/tr><tr><td class=\"has-text-align-center\" data-align=\"center\">Conseil sur la strat\u00e9gie salarial vs. les dividendes: Annuellement<\/td><\/tr><\/tbody><\/table><\/figure>\n\n\n\n<div style=\"height:20px\" aria-hidden=\"true\" class=\"wp-block-spacer\"><\/div>\n\n\n\n<figure class=\"wp-block-table w-full is-style-stripes\"><table class=\"has-background has-border-color has-quaternary-border-color\" style=\"background-color:#44440000;border-width:1px\"><thead><tr><th class=\"has-text-align-center\" data-align=\"center\">ELITE<\/th><\/tr><\/thead><tbody><tr><td class=\"has-text-align-center\" data-align=\"center\"><strong>Comptabilit\u00e9 et conformit\u00e9 fiscale<\/strong><\/td><\/tr><tr><td class=\"has-text-align-center\" data-align=\"center\">Sommes des ventes annuelles : > 1M<\/td><\/tr><tr><td class=\"has-text-align-center\" data-align=\"center\">Services de comptabilit\u00e9 : Mensuel<\/td><\/tr><tr><td class=\"has-text-align-center\" data-align=\"center\">Nombre de comptes : >7<\/td><\/tr><tr><td class=\"has-text-align-center\" data-align=\"center\">D\u00e9claration de la taxe de vente : Trimestrielle<\/td><\/tr><tr><td class=\"has-text-align-center\" data-align=\"center\">\u2713 D\u00e9claration annuelle de l&rsquo;imp\u00f4t sur les soci\u00e9t\u00e9s<\/td><\/tr><tr><td class=\"has-text-align-center\" data-align=\"center\">\u2713 Correspondance gouvernemental<\/td><\/tr><tr><td class=\"has-text-align-center\" data-align=\"center\">\u2713 Prise en charge de l&rsquo;audit gouvernemental<\/td><\/tr><tr><td class=\"has-text-align-center\" data-align=\"center\">\u2713 Services de soutien \u00e0 la paie<\/td><\/tr><tr><td class=\"has-text-align-center\" data-align=\"center\">Nombre d&#8217;employ\u00e9s : >7<\/td><\/tr><tr><td class=\"has-text-align-center\" data-align=\"center\">Comptabilit\u00e9 g\u00e9n\u00e9rale et enqu\u00eate fiscale : Illimit\u00e9<\/td><\/tr><tr><td class=\"has-text-align-center\" data-align=\"center\">D\u00e9claration d&rsquo;imp\u00f4ts des particuliers : 2 Gratuit, Inclus<\/td><\/tr><tr><td class=\"has-text-align-center\" data-align=\"center\"><strong>Formation et outils<\/strong><\/td><\/tr><tr><td class=\"has-text-align-center\" data-align=\"center\">\u2713 Formation sur le logiciel de comptabilit\u00e9 Xero<\/td><\/tr><tr><td class=\"has-text-align-center\" data-align=\"center\">\u2713 Licence Xero<\/td><\/tr><tr><td class=\"has-text-align-center\" data-align=\"center\">\u2713 Hubdoc<\/td><\/tr><tr><td class=\"has-text-align-center\" data-align=\"center\"><strong>Rapports et conseils<\/strong><\/td><\/tr><tr><td class=\"has-text-align-center\" data-align=\"center\">\u00c9tats financiers : Annuellement<\/td><\/tr><tr><td class=\"has-text-align-center\" data-align=\"center\">Conseil sur la strat\u00e9gie salarial vs. les dividendes: Annuellement<\/td><\/tr><\/tbody><\/table><\/figure>\n<\/div>\n\n\n\n<div style=\"height:20px\" aria-hidden=\"true\" class=\"wp-block-spacer\"><\/div>\n\n\n\n<div class=\"wp-block-buttons is-content-justification-center is-layout-flex wp-container-core-buttons-is-layout-a89b3969 wp-block-buttons-is-layout-flex\">\n<div class=\"wp-block-button\"><a class=\"wp-block-button__link has-background has-text-align-center wp-element-button\" href=\"https:\/\/afaccounting.ca\/fr\/nous-joindre\/\" style=\"background-color:#440040\">Contactez-Nous<\/a><\/div>\n<\/div>\n\n\n\n<h2 class=\"wp-block-heading has-text-align-center has-medium-font-size\"><strong>Notre \u00e9quipe se fera un plaisir de vous offrir un forfait adapt\u00e9 \u00e0 vos besoins<\/strong><\/h2>\n","protected":false},"excerpt":{"rendered":"<p>Nos forfaits Nos forfaits sont con\u00e7us pour vous soutenir durant les \u00e9tapes importantes de la croissance de votre entreprise. Accro\u00eetre Comptabilit\u00e9 et conformit\u00e9 fiscale Sommes des ventes annuelles : > 100K Services de comptabilit\u00e9 : Mensuel Nombre de comptes : 1-5 D\u00e9claration de la taxe de vente : Trimestrielle \u2713 D\u00e9claration annuelle de l&rsquo;imp\u00f4t sur [&hellip;]<\/p>\n","protected":false},"author":1,"featured_media":0,"parent":0,"menu_order":0,"comment_status":"closed","ping_status":"closed","template":"wp-custom-template-page-with-1280-content-width","meta":{"footnotes":""},"class_list":["post-3309","page","type-page","status-publish","hentry"],"_links":{"self":[{"href":"https:\/\/afaccounting.ca\/fr\/wp-json\/wp\/v2\/pages\/3309","targetHints":{"allow":["GET"]}}],"collection":[{"href":"https:\/\/afaccounting.ca\/fr\/wp-json\/wp\/v2\/pages"}],"about":[{"href":"https:\/\/afaccounting.ca\/fr\/wp-json\/wp\/v2\/types\/page"}],"author":[{"embeddable":true,"href":"https:\/\/afaccounting.ca\/fr\/wp-json\/wp\/v2\/users\/1"}],"replies":[{"embeddable":true,"href":"https:\/\/afaccounting.ca\/fr\/wp-json\/wp\/v2\/comments?post=3309"}],"version-history":[{"count":3,"href":"https:\/\/afaccounting.ca\/fr\/wp-json\/wp\/v2\/pages\/3309\/revisions"}],"predecessor-version":[{"id":3383,"href":"https:\/\/afaccounting.ca\/fr\/wp-json\/wp\/v2\/pages\/3309\/revisions\/3383"}],"wp:attachment":[{"href":"https:\/\/afaccounting.ca\/fr\/wp-json\/wp\/v2\/media?parent=3309"}],"curies":[{"name":"wp","href":"https:\/\/api.w.org\/{rel}","templated":true}]}}