{"id":3305,"date":"2023-04-14T15:56:08","date_gmt":"2023-04-14T15:56:08","guid":{"rendered":"https:\/\/434bdd8f8510439030.temporary.link\/\/?page_id=3305"},"modified":"2023-07-08T16:49:30","modified_gmt":"2023-07-08T16:49:30","slug":"xero","status":"publish","type":"page","link":"https:\/\/afaccounting.ca\/fr\/xero\/","title":{"rendered":"Xero"},"content":{"rendered":"\n<div style=\"height:30px\" aria-hidden=\"true\" class=\"wp-block-spacer\"><\/div>\n\n\n\n<div class=\"wp-block-group is-vertical is-layout-flex wp-container-core-group-is-layout-fe9cc265 wp-block-group-is-layout-flex\">\n<h2 class=\"wp-block-heading has-text-align-left has-text-color\" style=\"color:#44004c;text-transform:uppercase\">Logiciel de comptabilit\u00e9 Xero<\/h2>\n\n\n\n<div class=\"wp-block-columns minimum-minimal-misc-2col-imageleft-textright is-layout-flex wp-container-core-columns-is-layout-28232c24 wp-block-columns-is-layout-flex\">\n<div class=\"wp-block-column is-vertically-aligned-center is-layout-flow wp-block-column-is-layout-flow\" style=\"flex-basis:50%\">\n<p class=\"has-text-align-left has-medium-font-size\">La solution id\u00e9ale pour suivre les questions financi\u00e8res de toutes les entreprises, qu&rsquo;elles soient en phase de d\u00e9marrage ou bien \u00e9tablies. Lorsque vous utilisez Xero, vous pouvez voir vos flux de tr\u00e9sorerie en temps r\u00e9el \u00e0 tout moment de la journ\u00e9e, o\u00f9 que vous soyez.<\/p>\n<\/div>\n\n\n\n<div class=\"wp-block-column is-vertically-aligned-center is-layout-flow wp-block-column-is-layout-flow\" style=\"flex-basis:50%\">\n<div class=\"wp-block-group is-content-justification-center is-nowrap is-layout-flex wp-container-core-group-is-layout-30af0b55 wp-block-group-is-layout-flex\" style=\"padding-top:0;padding-right:var(--wp--preset--spacing--70);padding-bottom:0;padding-left:var(--wp--preset--spacing--70)\">\n<figure class=\"wp-block-image aligncenter size-full is-resized\"><img decoding=\"async\" src=\"https:\/\/afaccounting.ca\/fr\/wp-content\/uploads\/2023\/07\/xero-gold-partner-logo-RGB-500.png\" alt=\"\" class=\"wp-image-3378\" height=\"170\" srcset=\"https:\/\/afaccounting.ca\/fr\/wp-content\/uploads\/2023\/07\/xero-gold-partner-logo-RGB-500.png 500w, https:\/\/afaccounting.ca\/fr\/wp-content\/uploads\/2023\/07\/xero-gold-partner-logo-RGB-500-300x147.png 300w\" sizes=\"(max-width: 500px) 100vw, 500px\" \/><\/figure>\n<\/div>\n<\/div>\n<\/div>\n<\/div>\n\n\n\n<div style=\"height:40px\" aria-hidden=\"true\" class=\"wp-block-spacer\"><\/div>\n\n\n\n<figure class=\"wp-block-image size-full\"><img loading=\"lazy\" decoding=\"async\" width=\"2557\" height=\"1731\" src=\"https:\/\/afaccounting.ca\/fr\/wp-content\/uploads\/2023\/07\/accounting-illustration-6-1.png\" alt=\"\" class=\"wp-image-3387\" srcset=\"https:\/\/afaccounting.ca\/fr\/wp-content\/uploads\/2023\/07\/accounting-illustration-6-1.png 2557w, https:\/\/afaccounting.ca\/fr\/wp-content\/uploads\/2023\/07\/accounting-illustration-6-1-300x203.png 300w, https:\/\/afaccounting.ca\/fr\/wp-content\/uploads\/2023\/07\/accounting-illustration-6-1-1024x693.png 1024w, https:\/\/afaccounting.ca\/fr\/wp-content\/uploads\/2023\/07\/accounting-illustration-6-1-768x520.png 768w, https:\/\/afaccounting.ca\/fr\/wp-content\/uploads\/2023\/07\/accounting-illustration-6-1-1536x1040.png 1536w, https:\/\/afaccounting.ca\/fr\/wp-content\/uploads\/2023\/07\/accounting-illustration-6-1-2048x1386.png 2048w\" sizes=\"auto, (max-width: 2557px) 100vw, 2557px\" \/><\/figure>\n\n\n\n<div class=\"wp-block-group w-700 is-vertical is-content-justification-center is-layout-flex wp-container-core-group-is-layout-dc59dc0e wp-block-group-is-layout-flex\" style=\"padding-top:var(--wp--preset--spacing--60)\">\n<p><strong>Le logiciel de comptabilit\u00e9 Xero<\/strong> est la solution parfaite pour le suivi des transactions financi\u00e8res de toutes les entreprises, que vous soyez en phase de d\u00e9marrage ou encore bien \u00e9tablie. Xero vous permet de visualiser vos mouvements de flux de tr\u00e9sorerie en tout temps, et ce, peu importe o\u00f9 vous vous trouvez, dans le monde. Ce logiciel vous permet de faire la comptabilit\u00e9, la facturation, les rapprochements bancaires et de produire des rapports.<\/p>\n\n\n\n<p>Avec <strong>Xero<\/strong>, il est facile d&rsquo;importer automatiquement toutes vos transactions dans votre propre syst\u00e8me comptable &#8211; incluant les transactions bancaires, les cartes de cr\u00e9dit et PayPal. Vous avez un acc\u00e8s instantan\u00e9 aux donn\u00e9es financi\u00e8res de votre entreprise, en tout temps. Sans compter que vous serez \u00e9galement en mesure de suivre les taux de change de plus de 160 devises \u00e0 travers le monde.&nbsp;<\/p>\n\n\n\n<p>Vous pouvez cr\u00e9er et envoyer des factures avec <strong>Xero<\/strong> et recevoir vos paiements en ligne. Concevez vos factures et personnalisez-les en fonction des besoins de votre entreprise. Le suivi des factures, paiements, retours et cr\u00e9dits se fait automatiquement via <strong>Xero<\/strong>.&nbsp;<\/p>\n\n\n\n<p>Vous pouvez \u00eatre s\u00fbr que les donn\u00e9es financi\u00e8res de votre entreprise sont toujours prot\u00e9g\u00e9es et conserv\u00e9es confidentiellement dans le cloud. <strong>Xero<\/strong> n&rsquo;a jamais \u00e9t\u00e9 victime de br\u00e8che informatique et n&rsquo;a jamais perdu les donn\u00e9es de ses clients. Des sommes importantes sont investies par <strong>Xero<\/strong> pour s\u00e9curiser vos donn\u00e9es financi\u00e8res et \u00e9viter les acc\u00e8s non autoris\u00e9s ou des d\u00e9faillances du syst\u00e8me.&nbsp;<\/p>\n\n\n\n<p><strong>Xero<\/strong> a mis en place une s\u00e9rie de mesures de contr\u00f4les sophistiqu\u00e9s et reconnus, constamment mis \u00e0 jour, afin de garantir que les donn\u00e9es qu&rsquo;elle g\u00e8re et stocke sont conserv\u00e9es en toute s\u00e9curit\u00e9. Plus important encore, on veut que les utilisateurs aient la certitude que les donn\u00e9es de leur entreprise sont prot\u00e9g\u00e9es contre les accidents ou les attaques d\u00e9lib\u00e9r\u00e9es.\u00a0<\/p>\n\n\n\n<div class=\"wp-block-buttons is-content-justification-center is-layout-flex wp-container-core-buttons-is-layout-bb659de6 wp-block-buttons-is-layout-flex\" style=\"margin-top:var(--wp--preset--spacing--50)\">\n<div class=\"wp-block-button\"><a class=\"wp-block-button__link has-background wp-element-button\" href=\"http:\/\/www.xero.com\/?type=partner&amp;pid=L2ZTN1\" style=\"background-color:#440040\"><strong>To Xero<\/strong><\/a><\/div>\n<\/div>\n<\/div>\n","protected":false},"excerpt":{"rendered":"<p>Logiciel de comptabilit\u00e9 Xero La solution id\u00e9ale pour suivre les questions financi\u00e8res de toutes les entreprises, qu&rsquo;elles soient en phase de d\u00e9marrage ou bien \u00e9tablies. Lorsque vous utilisez Xero, vous pouvez voir vos flux de tr\u00e9sorerie en temps r\u00e9el \u00e0 tout moment de la journ\u00e9e, o\u00f9 que vous soyez. Le logiciel de comptabilit\u00e9 Xero est [&hellip;]<\/p>\n","protected":false},"author":1,"featured_media":0,"parent":0,"menu_order":0,"comment_status":"closed","ping_status":"closed","template":"wp-custom-template-page-with-1280-content-width","meta":{"footnotes":""},"class_list":["post-3305","page","type-page","status-publish","hentry"],"_links":{"self":[{"href":"https:\/\/afaccounting.ca\/fr\/wp-json\/wp\/v2\/pages\/3305","targetHints":{"allow":["GET"]}}],"collection":[{"href":"https:\/\/afaccounting.ca\/fr\/wp-json\/wp\/v2\/pages"}],"about":[{"href":"https:\/\/afaccounting.ca\/fr\/wp-json\/wp\/v2\/types\/page"}],"author":[{"embeddable":true,"href":"https:\/\/afaccounting.ca\/fr\/wp-json\/wp\/v2\/users\/1"}],"replies":[{"embeddable":true,"href":"https:\/\/afaccounting.ca\/fr\/wp-json\/wp\/v2\/comments?post=3305"}],"version-history":[{"count":2,"href":"https:\/\/afaccounting.ca\/fr\/wp-json\/wp\/v2\/pages\/3305\/revisions"}],"predecessor-version":[{"id":3388,"href":"https:\/\/afaccounting.ca\/fr\/wp-json\/wp\/v2\/pages\/3305\/revisions\/3388"}],"wp:attachment":[{"href":"https:\/\/afaccounting.ca\/fr\/wp-json\/wp\/v2\/media?parent=3305"}],"curies":[{"name":"wp","href":"https:\/\/api.w.org\/{rel}","templated":true}]}}