{"id":3303,"date":"2023-04-14T15:55:56","date_gmt":"2023-04-14T15:55:56","guid":{"rendered":"https:\/\/434bdd8f8510439030.temporary.link\/\/?page_id=3303"},"modified":"2025-07-10T23:11:22","modified_gmt":"2025-07-10T23:11:22","slug":"apropos","status":"publish","type":"page","link":"https:\/\/afaccounting.ca\/fr\/apropos\/","title":{"rendered":"\u00c0 propos"},"content":{"rendered":"\n<div style=\"height:30px\" aria-hidden=\"true\" class=\"wp-block-spacer\"><\/div>\n\n\n\n<div class=\"wp-block-group is-vertical is-layout-flex wp-container-core-group-is-layout-fe9cc265 wp-block-group-is-layout-flex\">\n<h2 class=\"wp-block-heading has-text-align-left has-text-color\" style=\"color:#44004c;text-transform:uppercase\">Ensemble, nous grandissons<\/h2>\n\n\n\n<div class=\"wp-block-columns minimum-minimal-misc-2col-imageleft-textright is-layout-flex wp-container-core-columns-is-layout-28232c24 wp-block-columns-is-layout-flex\">\n<div class=\"wp-block-column is-vertically-aligned-center is-layout-flow wp-block-column-is-layout-flow\" style=\"flex-basis:50%\">\n<p class=\"has-text-align-left has-medium-font-size\">Situ\u00e9 \u00e0 proximit\u00e9 de Griffintown Montr\u00e9al, <strong>AF Accounting<\/strong> est un cabinet comptable contemporain qui offre une gamme compl\u00e8te d&rsquo;expertise comptable aux professionnels et aux petites et moyennes entreprises.<\/p>\n<\/div>\n\n\n\n<div class=\"wp-block-column is-vertically-aligned-center is-layout-flow wp-block-column-is-layout-flow\" style=\"flex-basis:50%\">\n<div class=\"wp-block-group is-content-justification-center is-nowrap is-layout-flex wp-container-core-group-is-layout-30af0b55 wp-block-group-is-layout-flex\" style=\"padding-top:0;padding-right:var(--wp--preset--spacing--70);padding-bottom:0;padding-left:var(--wp--preset--spacing--70)\">\n<figure class=\"wp-block-image aligncenter size-full is-resized\"><img loading=\"lazy\" decoding=\"async\" width=\"662\" height=\"197\" src=\"https:\/\/afaccounting.ca\/fr\/wp-content\/uploads\/2023\/07\/cpa-chartered-professional-accountant.png\" alt=\"\" class=\"wp-image-3369\" style=\"width:331px;height:98px\" srcset=\"https:\/\/afaccounting.ca\/fr\/wp-content\/uploads\/2023\/07\/cpa-chartered-professional-accountant.png 662w, https:\/\/afaccounting.ca\/fr\/wp-content\/uploads\/2023\/07\/cpa-chartered-professional-accountant-300x89.png 300w\" sizes=\"auto, (max-width: 662px) 100vw, 662px\" \/><\/figure>\n<\/div>\n<\/div>\n<\/div>\n<\/div>\n\n\n\n<div style=\"height:40px\" aria-hidden=\"true\" class=\"wp-block-spacer\"><\/div>\n\n\n\n<div class=\"wp-block-group has-background is-vertical is-layout-flex wp-container-core-group-is-layout-dc951fe1 wp-block-group-is-layout-flex\" style=\"background-color:#f6f6f6;margin-top:0;margin-bottom:0;padding-top:0;padding-right:0;padding-bottom:0;padding-left:0\">\n<div class=\"wp-block-columns minimum-minimal-misc-2col-imageleft-textright is-layout-flex wp-container-core-columns-is-layout-28232c24 wp-block-columns-is-layout-flex\">\n<div class=\"wp-block-column is-layout-flow wp-block-column-is-layout-flow\" style=\"padding-top:var(--wp--preset--spacing--30)\">\n<figure class=\"wp-block-image size-large\"><img loading=\"lazy\" decoding=\"async\" width=\"1024\" height=\"745\" src=\"https:\/\/afaccounting.ca\/fr\/wp-content\/uploads\/2023\/07\/our-firm-1024x745.png\" alt=\"\" class=\"wp-image-3366\" srcset=\"https:\/\/afaccounting.ca\/fr\/wp-content\/uploads\/2023\/07\/our-firm-1024x745.png 1024w, https:\/\/afaccounting.ca\/fr\/wp-content\/uploads\/2023\/07\/our-firm-300x218.png 300w, https:\/\/afaccounting.ca\/fr\/wp-content\/uploads\/2023\/07\/our-firm-768x559.png 768w, https:\/\/afaccounting.ca\/fr\/wp-content\/uploads\/2023\/07\/our-firm.png 1057w\" sizes=\"auto, (max-width: 1024px) 100vw, 1024px\" \/><\/figure>\n<\/div>\n\n\n\n<div class=\"wp-block-column is-vertically-aligned-center is-layout-flow wp-block-column-is-layout-flow\">\n<div class=\"wp-block-group is-nowrap is-layout-flex wp-container-core-group-is-layout-013918c6 wp-block-group-is-layout-flex\" style=\"padding-top:var(--wp--preset--spacing--70);padding-right:var(--wp--preset--spacing--70);padding-bottom:var(--wp--preset--spacing--70);padding-left:var(--wp--preset--spacing--70)\">\n<p class=\"has-text-align-left has-medium-font-size\"><strong>Fond\u00e9 en<\/strong> 2008, notre cabinet vise l&rsquo;excellence pour ses clients. Compos\u00e9 de plusieurs associ\u00e9s aux sp\u00e9cialit\u00e9s vari\u00e9es, nous offrons des services comptables partout au Canada, plus particuli\u00e8rement en Ontario et au Qu\u00e9bec.<\/p>\n<\/div>\n<\/div>\n<\/div>\n\n\n\n<div class=\"wp-block-columns flex-col-reverse minimum-minimal-misc-2col-imageright-textleft is-layout-flex wp-container-core-columns-is-layout-28232c24 wp-block-columns-is-layout-flex\">\n<div class=\"wp-block-column is-vertically-aligned-center is-layout-flow wp-block-column-is-layout-flow\">\n<div class=\"wp-block-group is-nowrap is-layout-flex wp-container-core-group-is-layout-013918c6 wp-block-group-is-layout-flex\" style=\"padding-top:var(--wp--preset--spacing--70);padding-right:var(--wp--preset--spacing--70);padding-bottom:var(--wp--preset--spacing--70);padding-left:var(--wp--preset--spacing--70)\">\n<p><strong>NOTRE MISSION<\/strong> est de favoriser la croissance financi\u00e8re en renfor\u00e7ant les bases de nos clients et en optimisant leur comptabilit\u00e9. Nous croyons en la simplification du processus comptable par l&rsquo;utilisation efficace de la technologie. Nous y parvenons en servant les petites et moyennes entreprises, les jeunes entreprises, les consultants et les professionnels.<\/p>\n<\/div>\n<\/div>\n\n\n\n<div class=\"wp-block-column is-layout-flow wp-block-column-is-layout-flow\">\n<figure class=\"wp-block-image size-large\"><img loading=\"lazy\" decoding=\"async\" width=\"1024\" height=\"722\" src=\"https:\/\/afaccounting.ca\/fr\/wp-content\/uploads\/2023\/07\/graph-1024x722.png\" alt=\"\" class=\"wp-image-3367\" srcset=\"https:\/\/afaccounting.ca\/fr\/wp-content\/uploads\/2023\/07\/graph-1024x722.png 1024w, https:\/\/afaccounting.ca\/fr\/wp-content\/uploads\/2023\/07\/graph-300x211.png 300w, https:\/\/afaccounting.ca\/fr\/wp-content\/uploads\/2023\/07\/graph-768x541.png 768w, https:\/\/afaccounting.ca\/fr\/wp-content\/uploads\/2023\/07\/graph.png 1060w\" sizes=\"auto, (max-width: 1024px) 100vw, 1024px\" \/><\/figure>\n<\/div>\n<\/div>\n\n\n\n<div class=\"wp-block-columns minimum-minimal-misc-2col-imageleft-textright is-layout-flex wp-container-core-columns-is-layout-28232c24 wp-block-columns-is-layout-flex\">\n<div class=\"wp-block-column is-layout-flow wp-block-column-is-layout-flow\">\n<figure class=\"wp-block-image size-large\"><img loading=\"lazy\" decoding=\"async\" width=\"1024\" height=\"690\" src=\"https:\/\/afaccounting.ca\/fr\/wp-content\/uploads\/2023\/07\/team-of-accountants-1024x690.png\" alt=\"\" class=\"wp-image-3368\" srcset=\"https:\/\/afaccounting.ca\/fr\/wp-content\/uploads\/2023\/07\/team-of-accountants-1024x690.png 1024w, https:\/\/afaccounting.ca\/fr\/wp-content\/uploads\/2023\/07\/team-of-accountants-300x202.png 300w, https:\/\/afaccounting.ca\/fr\/wp-content\/uploads\/2023\/07\/team-of-accountants-768x518.png 768w, https:\/\/afaccounting.ca\/fr\/wp-content\/uploads\/2023\/07\/team-of-accountants.png 1166w\" sizes=\"auto, (max-width: 1024px) 100vw, 1024px\" \/><\/figure>\n<\/div>\n\n\n\n<div class=\"wp-block-column is-vertically-aligned-center is-layout-flow wp-block-column-is-layout-flow\">\n<div class=\"wp-block-group is-nowrap is-layout-flex wp-container-core-group-is-layout-013918c6 wp-block-group-is-layout-flex\" style=\"padding-top:var(--wp--preset--spacing--70);padding-right:var(--wp--preset--spacing--70);padding-bottom:var(--wp--preset--spacing--70);padding-left:var(--wp--preset--spacing--70)\">\n<p class=\"has-foreground-color has-text-color has-medium-font-size\"><strong>NOTRE \u00c9QUIPE<\/strong> a acquis une r\u00e9putation de qualit\u00e9 de service. Nos comptables sont comp\u00e9tents et, surtout, ils obtiennent toujours les meilleurs r\u00e9sultats pour nos clients.<\/p>\n<\/div>\n<\/div>\n<\/div>\n\n\n\n<div class=\"wp-block-group w-full has-background is-content-justification-center is-nowrap is-layout-flex wp-container-core-group-is-layout-436770d6 wp-block-group-is-layout-flex\" style=\"background-color:#44004c;padding-top:var(--wp--preset--spacing--60);padding-right:var(--wp--preset--spacing--60);padding-bottom:var(--wp--preset--spacing--60);padding-left:var(--wp--preset--spacing--60)\">\n<p class=\"has-text-align-center has-background-color has-text-color has-large-font-size\">Notre engagement en faveur de l&rsquo;excellence nous permettra de <strong>grandir ensemble.<\/strong><\/p>\n<\/div>\n<\/div>\n","protected":false},"excerpt":{"rendered":"<p>Ensemble, nous grandissons Situ\u00e9 \u00e0 proximit\u00e9 de Griffintown Montr\u00e9al, AF Accounting est un cabinet comptable contemporain qui offre une gamme compl\u00e8te d&rsquo;expertise comptable aux professionnels et aux petites et moyennes entreprises. Fond\u00e9 en 2008, notre cabinet vise l&rsquo;excellence pour ses clients. Compos\u00e9 de plusieurs associ\u00e9s aux sp\u00e9cialit\u00e9s vari\u00e9es, nous offrons des services comptables partout au [&hellip;]<\/p>\n","protected":false},"author":1,"featured_media":0,"parent":0,"menu_order":0,"comment_status":"closed","ping_status":"closed","template":"wp-custom-template-page-with-1280-content-width","meta":{"footnotes":""},"class_list":["post-3303","page","type-page","status-publish","hentry"],"_links":{"self":[{"href":"https:\/\/afaccounting.ca\/fr\/wp-json\/wp\/v2\/pages\/3303","targetHints":{"allow":["GET"]}}],"collection":[{"href":"https:\/\/afaccounting.ca\/fr\/wp-json\/wp\/v2\/pages"}],"about":[{"href":"https:\/\/afaccounting.ca\/fr\/wp-json\/wp\/v2\/types\/page"}],"author":[{"embeddable":true,"href":"https:\/\/afaccounting.ca\/fr\/wp-json\/wp\/v2\/users\/1"}],"replies":[{"embeddable":true,"href":"https:\/\/afaccounting.ca\/fr\/wp-json\/wp\/v2\/comments?post=3303"}],"version-history":[{"count":4,"href":"https:\/\/afaccounting.ca\/fr\/wp-json\/wp\/v2\/pages\/3303\/revisions"}],"predecessor-version":[{"id":3418,"href":"https:\/\/afaccounting.ca\/fr\/wp-json\/wp\/v2\/pages\/3303\/revisions\/3418"}],"wp:attachment":[{"href":"https:\/\/afaccounting.ca\/fr\/wp-json\/wp\/v2\/media?parent=3303"}],"curies":[{"name":"wp","href":"https:\/\/api.w.org\/{rel}","templated":true}]}}